{"id":15,"date":"2021-03-14T18:20:41","date_gmt":"2021-03-14T17:20:41","guid":{"rendered":"https:\/\/www.massage-therapie-haeusler.de\/?page_id=15"},"modified":"2025-12-21T16:47:06","modified_gmt":"2025-12-21T15:47:06","slug":"startseite","status":"publish","type":"page","link":"https:\/\/www.massage-therapie-haeusler.de\/","title":{"rendered":"Petra H\u00e4usler"},"content":{"rendered":"\n<h1>\n\t\t\tPetra H\u00e4usler&nbsp;<\/h1>\n<h1>\n\t\t\tMassagetherapeutin und Heilpraktikerin&nbsp;<\/h1>\n<h2>\n\t\t\tTue Deinem K\u00f6rper Gutes&nbsp;<\/h2>\n<h2>\n\t\t\t und Deine Seele wird l\u00e4cheln&nbsp;<\/h2>\n\t\t\t<a href=\"https:\/\/www.massage-therapie-haeusler.de\/#Kontakt\" target=\"_self\">\n\t\t\t\t\t\t\tTer\u00admin anfragen&nbsp;<\/a>\n<h2 id=\"\u00dcber mich\">\n\t\t\t\u00dcber mich: Arbeitsweise und Behandlungen&nbsp;<\/h2>\n\t<p>&nbsp;<\/p>\n<p><img loading=\"lazy\" decoding=\"async\" src=\"https:\/\/www.massage-therapie-haeusler.de\/wp-content\/uploads\/2021\/05\/P19_969x960-300x300.jpg\" alt width=\"300\" height=\"300\"><\/p>\n<p>F\u00fcr sich sor\u00adgen und sich selb\u00adst Gutes tun ist so wichtig. Sei es Ihr Bed\u00fcrf\u00adnis nach wohltuen\u00adder Mas\u00adsage und Entspan\u00adnung oder das L\u00f6sen von Schmerzen oder Verspan\u00adnun\u00adgen. Ich werde Sie unter\u00adst\u00fctzen und Ihnen gerne Gutes tun. Ihre Seele wird l\u00e4cheln.<\/p>\n<p>Ihre Behand\u00adlung und die Ther\u00ada\u00adpi\u00aden basieren auf mein\u00ader ganzheitlichen Aus\u00adbil\u00addung als Mas\u00adsageth\u00ader\u00ada\u00adpeutin und Heil\u00adprak\u00adtik\u00aderin. Dieses Wis\u00adsen erweit\u00adere ich stetig in Weit\u00ader\u00adbil\u00addun\u00adgen, um neue Ther\u00ada\u00adpiean\u00ads\u00e4tze in meine Arbeit ein\u00adflie\u00dfen zu lassen und bew\u00e4hrte zu ver\u00adtiefen. Ihr Ther\u00ada\u00adpieziel und die Behand\u00adlung leg\u00aden wir gemein\u00adsam&nbsp;fest.<\/p>\n<p>&nbsp;<\/p>\n<h2 id=\"Therapien\">\n\t\t\tTherapien und Massagen&nbsp;<\/h2>\n\t\t\t\t<img decoding=\"async\" src=\"https:\/\/www.massage-therapie-haeusler.de\/wp-content\/uploads\/2021\/05\/petra_haeusler_cranio.jpg\" alt=\"petra_haeusler_cranio\" itemprop=\"image\" height=\"960\" width=\"960\" title=\"petra_haeusler_cranio\" onerror=\"this.style.display='none'\" loading=\"lazy\">\n\t<p><strong>Cranio-Sacrale Ther\u00ada\u00adpie<\/strong><\/p>\n<p>&nbsp;<\/p>\n\t\t\t<a href=\"https:\/\/www.massage-therapie-haeusler.de\/?page_id=34\" target=\"_self\">\n\t\t\t\t\t\t\tMehr erfahren&nbsp;<\/a>\n\t\t\t\t<img decoding=\"async\" src=\"https:\/\/www.massage-therapie-haeusler.de\/wp-content\/uploads\/2021\/05\/petra_haeusler_npso.jpg\" alt=\"petra_haeusler_npso\" itemprop=\"image\" height=\"960\" width=\"960\" title=\"petra_haeusler_npso\" onerror=\"this.style.display='none'\" loading=\"lazy\">\n\t<p><strong>NPSO \u2014 Neue Punk\u00adtuelle Schmerz- und Organtherapie<\/strong><\/p>\n\t\t\t<a href=\"https:\/\/www.massage-therapie-haeusler.de\/?page_id=85\" target=\"_self\">\n\t\t\t\t\t\t\tMehr erfahren&nbsp;<\/a>\n\t\t\t\t<img decoding=\"async\" src=\"https:\/\/www.massage-therapie-haeusler.de\/wp-content\/uploads\/2021\/05\/petra_haeusler_ohr.jpg\" alt=\"petra_haeusler_ohr\" itemprop=\"image\" height=\"960\" width=\"960\" title=\"petra_haeusler_ohr\" onerror=\"this.style.display='none'\" loading=\"lazy\">\n\t<p><strong>Ohr-Akupunk\u00adtur<\/strong><\/p>\n<p>&nbsp;<\/p>\n\t\t\t<a href=\"https:\/\/www.massage-therapie-haeusler.de\/?page_id=93\" target=\"_self\">\n\t\t\t\t\t\t\tMehr erfahren&nbsp;<\/a>\n\t\t\t\t<img decoding=\"async\" src=\"https:\/\/www.massage-therapie-haeusler.de\/wp-content\/uploads\/2021\/05\/petra_haeusler_golgi.jpg\" alt=\"petra_haeusler_golgi\" itemprop=\"image\" height=\"960\" width=\"960\" title=\"petra_haeusler_golgi\" onerror=\"this.style.display='none'\" loading=\"lazy\">\n\t<strong>Gol\u00adgi-Punkt Schmerztherapie<br>\n<\/strong>\n<p>&nbsp;<\/p>\n\t\t\t<a href=\"https:\/\/www.massage-therapie-haeusler.de\/?page_id=97\" target=\"_self\">\n\t\t\t\t\t\t\tMehr erfahren&nbsp;<\/a>\n\t\t\t\t<img decoding=\"async\" src=\"https:\/\/www.massage-therapie-haeusler.de\/wp-content\/uploads\/2021\/05\/petra_haeusler_massage.jpg\" alt=\"petra_haeusler_massage\" itemprop=\"image\" height=\"960\" width=\"960\" title=\"petra_haeusler_massage\" onerror=\"this.style.display='none'\" loading=\"lazy\">\n\t<p><strong>Mas\u00adsagen<\/strong><\/p>\n<p>&nbsp;<\/p>\n\t\t\t<a href=\"https:\/\/www.massage-therapie-haeusler.de\/?page_id=40\" target=\"_self\">\n\t\t\t\t\t\t\tMehr erfahren&nbsp;<\/a>\n\t\t\t\t<img decoding=\"async\" src=\"https:\/\/www.massage-therapie-haeusler.de\/wp-content\/uploads\/2021\/05\/petra_haeusler_gutschein.jpg\" alt=\"petra_haeusler_gutschein\" itemprop=\"image\" height=\"960\" width=\"960\" title=\"petra_haeusler_gutschein\" onerror=\"this.style.display='none'\" loading=\"lazy\">\n\t<p><strong>Gutscheine<\/strong><\/p>\n<p>&nbsp;<\/p>\n\t\t\t<a href=\"https:\/\/www.massage-therapie-haeusler.de\/?page_id=138\" target=\"_self\">\n\t\t\t\t\t\t\tMehr erfahren&nbsp;<\/a>\n<h2>\n\t\t\tBehandlungsr\u00e4ume in der Alten Schmiede&nbsp;<\/h2>\n\t\t\t<img decoding=\"async\" loading=\"false\" src=\"https:\/\/www.massage-therapie-haeusler.de\/wp-content\/uploads\/2021\/07\/Schmiede-scaled-e1626892963820.jpg\" alt>\t\t\t\n\t\t\t<img decoding=\"async\" loading=\"false\" src=\"https:\/\/www.massage-therapie-haeusler.de\/wp-content\/uploads\/2021\/05\/petra_haeusler_schmiede.jpg\" alt>\t\t\t\n\t\t\t<img decoding=\"async\" loading=\"false\" src=\"https:\/\/www.massage-therapie-haeusler.de\/wp-content\/uploads\/2021\/05\/petra_haeusler_schmiede_2.jpg\" alt>\t\t\t\n\t\t\t<img decoding=\"async\" loading=\"false\" src=\"https:\/\/www.massage-therapie-haeusler.de\/wp-content\/uploads\/2021\/06\/20210608_101934-scaled.jpg\" alt>\t\t\t\n\t\t\t<img decoding=\"async\" loading=\"false\" src=\"https:\/\/www.massage-therapie-haeusler.de\/wp-content\/uploads\/2021\/06\/20210608_101811-scaled.jpg\" alt>\t\t\t\n<h2>\n\t\t\tKundenstimmen&nbsp;<\/h2>\n\t\t\t\t<img decoding=\"async\" src=\"https:\/\/www.massage-therapie-haeusler.de\/wp-content\/uploads\/2021\/06\/Referenz_1_Frau_Trefz-scaled.jpg\" alt=\"Referenz_1_Frau_Trefz\" itemprop=\"image\" height=\"1244\" width=\"2560\" title=\"Referenz_1_Frau_Trefz\" onerror=\"this.style.display='none'\" loading=\"lazy\">\n\t<strong>Evelin Tre\u00adfz<br>\n<\/strong>\n<p>Ich komme seit \u00fcber 10 Jahren ein\u00admal im Monat zu Petra H\u00e4usler. Mir sind diese Ter\u00admine sehr wichtig, weil Sie mir gut tun und ich vor allem die Mas\u00adsagen genie\u00dfe.<\/p>\n\t\t\t\t<img decoding=\"async\" src=\"https:\/\/www.massage-therapie-haeusler.de\/wp-content\/uploads\/2021\/06\/Referenz_2_Monika_Appinger-scaled.jpg\" alt=\"Referenz_2_Monika_Appinger\" itemprop=\"image\" height=\"1244\" width=\"2560\" title=\"Referenz_2_Monika_Appinger\" onerror=\"this.style.display='none'\" loading=\"lazy\">\n\t<p><strong>Moni\u00adka Appinger<\/strong><\/p>\n<p>Als selb\u00adst\u00e4ndi\u00adge Floristin ist f\u00fcr mich die regelm\u00e4\u00dfige Behand\u00adlung meines R\u00fcck\u00adens eine wichtige Pr\u00e4ven\u00adtion. Ich bin seit Jahren bei&nbsp;Petra.<\/p>\n\t<h2>Kontakt<\/h2>\n<h3>\n\t\t\tAdresse&nbsp;<\/h3>\n\tRingstra\u00dfe 2 (Alte Schmiede)<br>\n\n71691 Freiberg<br>\n\n<h3>\n\t\t\tE\u2011mail\t<\/h3>\n\t<p>info@massage-therapie-haeusler.de<\/p>\n<h3>\n\t\t\tTelefon&nbsp;<\/h3>\n\t+49 7141 78 06&nbsp;62<br>\n\n<h3>\n\t\t\tZeiten&nbsp;<\/h3>\n\t<p>nach indi\u00advidu\u00adeller Vereinbarung<\/p>\n\t<iframe src=\"https:\/\/www.google.com\/maps\/embed\/v1\/place?q=Ringstrasse+2+71691+Freiberg&amp;key=AIzaSyD09zQ9PNDNNy9TadMuzRV_UsPUoWKntt8\" aria-hidden=\"true\"><\/iframe>\n\n","protected":false},"excerpt":{"rendered":"<p>Petra H\u00e4usler&nbsp; Mas\u00adsageth\u00ader\u00ada\u00adpeutin und Heil\u00adprak\u00adtik\u00aderin&nbsp; Tue Deinem K\u00f6r\u00adp\u00ader Gutes&nbsp; und Deine Seele wird l\u00e4cheln&nbsp; Ter\u00admin anfra\u00adgen \u00dcber mich: Arbeitsweise und Behand\u00adlun\u00adgen&nbsp; &nbsp; F\u00fcr sich sor\u00adgen und sich selb\u00adst Gutes tun ist so wichtig. Sei es Ihr Bed\u00fcrf\u00adnis nach wohltuen\u00adder Mas\u00adsage und Entspan\u00adnung oder das L\u00f6sen von Schmerzen oder Verspan\u00adnun\u00adgen. Ich werde Sie unter\u00adst\u00fctzen und&nbsp;Ihnen\u2026<\/p>\n","protected":false},"author":1,"featured_media":0,"parent":0,"menu_order":0,"comment_status":"closed","ping_status":"closed","template":"","meta":{"wp_typography_post_enhancements_disabled":false,"footnotes":""},"class_list":["post-15","page","type-page","status-publish","hentry"],"_links":{"self":[{"href":"https:\/\/www.massage-therapie-haeusler.de\/index.php?rest_route=\/wp\/v2\/pages\/15","targetHints":{"allow":["GET"]}}],"collection":[{"href":"https:\/\/www.massage-therapie-haeusler.de\/index.php?rest_route=\/wp\/v2\/pages"}],"about":[{"href":"https:\/\/www.massage-therapie-haeusler.de\/index.php?rest_route=\/wp\/v2\/types\/page"}],"author":[{"embeddable":true,"href":"https:\/\/www.massage-therapie-haeusler.de\/index.php?rest_route=\/wp\/v2\/users\/1"}],"replies":[{"embeddable":true,"href":"https:\/\/www.massage-therapie-haeusler.de\/index.php?rest_route=%2Fwp%2Fv2%2Fcomments&post=15"}],"version-history":[{"count":11,"href":"https:\/\/www.massage-therapie-haeusler.de\/index.php?rest_route=\/wp\/v2\/pages\/15\/revisions"}],"predecessor-version":[{"id":222,"href":"https:\/\/www.massage-therapie-haeusler.de\/index.php?rest_route=\/wp\/v2\/pages\/15\/revisions\/222"}],"wp:attachment":[{"href":"https:\/\/www.massage-therapie-haeusler.de\/index.php?rest_route=%2Fwp%2Fv2%2Fmedia&parent=15"}],"curies":[{"name":"wp","href":"https:\/\/api.w.org\/{rel}","templated":true}]}}